{"id":8705,"date":"2020-01-09T00:37:13","date_gmt":"2020-01-09T00:37:13","guid":{"rendered":"https:\/\/www.tastymediterraneo.com\/?page_id=8705"},"modified":"2020-06-07T22:59:08","modified_gmt":"2020-06-07T21:59:08","slug":"tasty-mediterraneos-podcast","status":"publish","type":"page","link":"https:\/\/www.tastymediterraneo.com\/fr\/tasty-mediterraneos-podcast\/","title":{"rendered":""},"content":{"rendered":"<p style=\"text-align: left;\"><img loading=\"lazy\" decoding=\"async\" class=\"aligncenter size-full wp-image-8699\" src=\"https:\/\/www.tastymediterraneo.com\/wp-content\/uploads\/2019\/12\/Tasty-Mediterraneo-Podcast-cover.jpg\" alt=\"\" width=\"3000\" height=\"3000\" srcset=\"https:\/\/www.tastymediterraneo.com\/wp-content\/uploads\/2019\/12\/Tasty-Mediterraneo-Podcast-cover.jpg 3000w, https:\/\/www.tastymediterraneo.com\/wp-content\/uploads\/2019\/12\/Tasty-Mediterraneo-Podcast-cover-150x150.jpg 150w, https:\/\/www.tastymediterraneo.com\/wp-content\/uploads\/2019\/12\/Tasty-Mediterraneo-Podcast-cover-300x300.jpg 300w, https:\/\/www.tastymediterraneo.com\/wp-content\/uploads\/2019\/12\/Tasty-Mediterraneo-Podcast-cover-768x768.jpg 768w, https:\/\/www.tastymediterraneo.com\/wp-content\/uploads\/2019\/12\/Tasty-Mediterraneo-Podcast-cover-1024x1024.jpg 1024w, https:\/\/www.tastymediterraneo.com\/wp-content\/uploads\/2019\/12\/Tasty-Mediterraneo-Podcast-cover-600x600.jpg 600w, https:\/\/www.tastymediterraneo.com\/wp-content\/uploads\/2019\/12\/Tasty-Mediterraneo-Podcast-cover-320x321.jpg 320w\" sizes=\"(max-width: 3000px) 100vw, 3000px\" \/>Margarita Ribot, coach en nutrition et sant\u00e9 et auteur du blog de sant\u00e9 prim\u00e9 \u00abTasty Mediterraneo\u00bb vous propose ce podcast dans une mission de simplifier les messages qui existent autour de la nutrition et de la sant\u00e9.<\/p>\n<p>Le podcast de Tasty Mediterraneo vous fournit des conseils soutenus par des preuves scientifiques et qui peuvent vous aider \u00e0 mieux vivre et \u00e0 mener un style de vie saine.<\/p>\n<p>Le podcast de Tasty Mediterraneo est enregistr\u00e9 en espagnol et dans chaque \u00e9pisode, Margarita interviewe diff\u00e9rents experts dans le domaine de la nutrition et de la sant\u00e9, afin qu&rsquo;ensemble nous puissions aboutir \u00e0 la version de nous m\u00eame la plus heureuse et la plus saine gr\u00e2ce aux conseils d&rsquo;experts fiables.<\/p>\n<p style=\"text-align: right;\"><iframe loading=\"lazy\" style=\"border: 1px solid #D7D7D7;\" src=\"https:\/\/www.ivoox.com\/player_es_podcast_831889_1.html\" width=\"100%\" height=\"400\" frameborder=\"0\" scrolling=\"no\" allowfullscreen=\"allowfullscreen\"><\/iframe><br \/>\n(D\u00e9filer ver le bas pour plus d&rsquo;\u00e9pisodes)<\/p>\n<p>Abonnez-vous au podcast:<br \/>\n<a href=\"https:\/\/open.spotify.com\/show\/07u5NPJ7fBi4pe60z1ns0D?si=IJWs0lolT8eVOQJl593hww\" target=\"_blank\" rel=\"noopener\">SPOTIFY<\/a> \u00a0 | \u00a0 <a href=\"https:\/\/www.ivoox.com\/s_p2_831889_1.html\" target=\"_blank\" rel=\"noopener\">ivoox<\/a>\u00a0\u00a0 |\u00a0\u00a0 <a href=\"https:\/\/podcasts.apple.com\/es\/podcast\/tasty-mediterraneo-podcast\/id1494097935\" target=\"_blank\" rel=\"noopener\">Apple Podcast<\/a><\/p>\n<p>Visitez le blog: <a href=\"https:\/\/www.tastymediterraneo.com\/fr\/\">https:\/\/www.tastymediterraneo.com\/fr\/<\/a><br \/>\nSuivez Tasty Mediterraneo sur:<br \/>\nInstagram: <a href=\"https:\/\/www.instagram.com\/tastymediterraneo\/\">https:\/\/www.instagram.com\/tastymediterraneo\/<\/a><br \/>\nFacebook: <a href=\"https:\/\/www.facebook.com\/TastyMediterraneo\">https:\/\/www.facebook.com\/TastyMediterraneo<\/a><br \/>\nTwitter: <a href=\"https:\/\/twitter.com\/TastyMditrraneo\">https:\/\/twitter.com\/TastyMditrraneo<\/a><br \/>\nPinterest: <a href=\"https:\/\/www.pinterest.com\/tastymditrraneo\/\">https:\/\/www.pinterest.com\/tastymditrraneo\/<\/a><\/p>\n","protected":false},"excerpt":{"rendered":"<p>Margarita Ribot, coach en nutrition et sant\u00e9 et auteur du blog de sant\u00e9 prim\u00e9 \u00abTasty Mediterraneo\u00bb vous propose ce podcast dans une mission de simplifier les messages qui existent autour de la nutrition et de la sant\u00e9. Le podcast de Tasty Mediterraneo vous fournit des conseils soutenus par des preuves scientifiques et qui peuvent vous&#8230;<\/p>\n<p><a class=\"more-link\" href=\"https:\/\/www.tastymediterraneo.com\/fr\/tasty-mediterraneos-podcast\/\">Lire la suite<\/a><\/p>\n","protected":false},"author":1,"featured_media":8707,"parent":0,"menu_order":0,"comment_status":"closed","ping_status":"closed","template":"","meta":{"footnotes":""},"_links":{"self":[{"href":"https:\/\/www.tastymediterraneo.com\/fr\/wp-json\/wp\/v2\/pages\/8705\/"}],"collection":[{"href":"https:\/\/www.tastymediterraneo.com\/fr\/wp-json\/wp\/v2\/pages\/"}],"about":[{"href":"https:\/\/www.tastymediterraneo.com\/fr\/wp-json\/wp\/v2\/types\/page\/"}],"author":[{"embeddable":true,"href":"https:\/\/www.tastymediterraneo.com\/fr\/wp-json\/wp\/v2\/users\/1\/"}],"replies":[{"embeddable":true,"href":"https:\/\/www.tastymediterraneo.com\/fr\/wp-json\/wp\/v2\/comments\/?post=8705"}],"version-history":[{"count":5,"href":"https:\/\/www.tastymediterraneo.com\/fr\/wp-json\/wp\/v2\/pages\/8705\/revisions\/"}],"predecessor-version":[{"id":9072,"href":"https:\/\/www.tastymediterraneo.com\/fr\/wp-json\/wp\/v2\/pages\/8705\/revisions\/9072\/"}],"wp:featuredmedia":[{"embeddable":true,"href":"https:\/\/www.tastymediterraneo.com\/fr\/wp-json\/wp\/v2\/media\/8707\/"}],"wp:attachment":[{"href":"https:\/\/www.tastymediterraneo.com\/fr\/wp-json\/wp\/v2\/media\/?parent=8705"}],"curies":[{"name":"wp","href":"https:\/\/api.w.org\/{rel}","templated":true}]}}