{"id":7019,"date":"2018-07-18T22:04:46","date_gmt":"2018-07-18T21:04:46","guid":{"rendered":"https:\/\/www.tastymediterraneo.com\/?page_id=7019"},"modified":"2019-08-15T17:57:09","modified_gmt":"2019-08-15T16:57:09","slug":"a-propos-de-margarita","status":"publish","type":"page","link":"https:\/\/www.tastymediterraneo.com\/fr\/a-propos-de-margarita\/","title":{"rendered":"A propos de Margarita"},"content":{"rendered":"<p>Bonjour, je m\u2019appelle Margarita, je suis coach en nutrition et sant\u00e9, je suis passionn\u00e9e du manger sainement et j\u2019aime cuisiner des plats m\u00e9diterran\u00e9ens. Merci pour vous \u00eatre arr\u00eat\u00e9 sur Tasty Mediterraneo!<\/p>\n<blockquote><p>J&rsquo;ai grandi en Espagne avec la <a href=\"https:\/\/www.tastymediterraneo.com\/fr\/la-diete-mediterraneenne\/\" target=\"_blank\" rel=\"noopener\">di\u00e8te et le style de vie m\u00e9diterran\u00e9en<\/a><\/p><\/blockquote>\n<p>Ma m\u00e8re est originaire de Ja\u00e9n (en Andalousie) et mon p\u00e8re de Majorque (\u00celes Bal\u00e9ares).<\/p>\n<blockquote><p>Mes meilleurs souvenirs de la maison comprennent la nourriture, la famille et les amis autour d&rsquo;une table, \u00e0 la fa\u00e7on m\u00e9diterran\u00e9enne!<\/p><\/blockquote>\n<p>J\u2019ai toujours \u00e9t\u00e9 passionn\u00e9e par la nutrition et le r\u00e9gime m\u00e9diterran\u00e9en. Mais avant de commencer ma carri\u00e8re en nutrition avec ma double comp\u00e9tence: Ing\u00e9nieur + MBA, j\u2019ai travaill\u00e9 pendant 12 ans en entreprise \u00e0 l\u2019international avec des responsabilit\u00e9s mondiales. Pendant une dizaine d&rsquo;ann\u00e9es, j&rsquo;ai v\u00e9cu et travaill\u00e9 en dehors de l\u2019Espagne, d&rsquo;abord en France, o\u00f9 j&rsquo;ai r\u00e9ussi mon MBA et rencontr\u00e9 mon mari franco-libanais. La France a \u00e9t\u00e9 suivie par la Belgique et la Belgique a \u00e9t\u00e9 suivie par l&rsquo;Irlande, la belle \u00eele \u00e9meraude.<\/p>\n<p>Ce fut une exp\u00e9rience tr\u00e8s enrichissante et pr\u00e9cieuse pour moi, mais ma passion pour l<a href=\"https:\/\/www.tastymediterraneo.com\/fr\/nutrition-et-sante\/\" target=\"_blank\" rel=\"noopener\">a nutrition et la sant\u00e9<\/a> m\u2019a amen\u00e9, il y a quelques ann\u00e9es, \u00e0 laisser derri\u00e8re moi une carri\u00e8re professionnelle r\u00e9ussie pour devenir coach certifi\u00e9 en nutrition et sant\u00e9.<\/p>\n<blockquote><p>Actuellement, je suis en train de compl\u00e9ter un master en Alimentation, Nutrition et Sant\u00e9 \u00e0 l&rsquo;University College Dublin (Irlande)<\/p><\/blockquote>\n<p>Gr\u00e2ce \u00e0 mon blog Tasty Mediterraneo et \u00e0 <a href=\"https:\/\/www.tastymediterraneo.com\/nutrition-health-coaching\/\" target=\"_blank\" rel=\"noopener\">mes services de coaching en ligne<\/a>, j&rsquo;aide les gens \u00e0 comprendre l&rsquo;importance de la nutrition pour la sant\u00e9 et le concept d&rsquo;une alimentation \u00e9quilibr\u00e9e ainsi qu&rsquo;\u00e0 \u00e9tablir une bonne relation avec la nourriture pour une sant\u00e9 durable.<\/p>\n<p>En plus de l&rsquo;espagnol, je parle couramment l&rsquo;anglais et le fran\u00e7ais. Avoir de la famille et des amis d\u2019origines diff\u00e9rentes m\u2019a encourag\u00e9 \u00e0 \u00e9crire ce blog dans toutes les langues que je poss\u00e8de afin que la plupart d\u2019entre vous puissent profiter de mes recettes.<\/p>\n<p>Ma belle-m\u00e8re m&rsquo;aide avec la traduction en arabe. Elle est une femme magnifique, tr\u00e8s intelligente et une partie importante de l\u2019\u00e9quipe Tasty Mediterraneo.<\/p>\n<p style=\"text-align: center;\"><a href=\"https:\/\/pulses.org\/recipes\/meet-the-gourmet-gurus\/604-meet-margarita-ribot\" target=\"_blank\" rel=\"noopener\"><img loading=\"lazy\" decoding=\"async\" class=\"wp-image-5892\" src=\"https:\/\/www.tastymediterraneo.com\/wp-content\/uploads\/2017\/10\/Pulses-logo.jpg\" alt=\"\" width=\"159\" height=\"159\" srcset=\"https:\/\/www.tastymediterraneo.com\/wp-content\/uploads\/2017\/10\/Pulses-logo.jpg 225w, https:\/\/www.tastymediterraneo.com\/wp-content\/uploads\/2017\/10\/Pulses-logo-150x150.jpg 150w\" sizes=\"(max-width: 159px) 100vw, 159px\" \/><\/a><a href=\"https:\/\/www.tastymediterraneo.com\/fr\/iyp2016-recipes\/\" target=\"_blank\" rel=\"noopener\"><img loading=\"lazy\" decoding=\"async\" class=\"wp-image-3112\" src=\"https:\/\/www.tastymediterraneo.com\/wp-content\/uploads\/2016\/02\/LOGO_IYP-en-high-square.jpg\" alt=\"\" width=\"119\" height=\"179\" srcset=\"https:\/\/www.tastymediterraneo.com\/wp-content\/uploads\/2016\/02\/LOGO_IYP-en-high-square.jpg 283w, https:\/\/www.tastymediterraneo.com\/wp-content\/uploads\/2016\/02\/LOGO_IYP-en-high-square-200x300.jpg 200w\" sizes=\"(max-width: 119px) 100vw, 119px\" \/><\/a><\/p>\n<blockquote><p>Je suis <a href=\"https:\/\/pulses.org\/recipes\/meet-the-gourmet-gurus\/604-meet-margarita-ribot\" target=\"_blank\" rel=\"noopener\">Gourmet Guru<\/a> de l\u2019organisation mondiale des l\u00e9gumineuses repr\u00e9sentant l&rsquo;Espagne et l&rsquo;Irlande et je suis <a href=\"https:\/\/www.tastymediterraneo.com\/fr\/iyp2016-recipes\/\" target=\"_blank\" rel=\"noopener\">contributrice de recettes de l&rsquo;Ann\u00e9e internationale des l\u00e9gumineuses 2016<\/a> de la FAO des Nations Unies<\/p><\/blockquote>\n<p>Et j&rsquo;ai aussi partag\u00e9 quelques de mes recettes avec\u00a0<a href=\"http:\/\/worldrecipes.expo2015.org\/en\/recipes\/f-tasty_mediterraneo_3336.html\" target=\"_blank\" rel=\"noopener\"> l&rsquo;Expo Milano 2015<\/a> pour n&rsquo;en nommer que quelques-uns de mes collaborations. Mes recettes ont \u00e9t\u00e9 partag\u00e9es dans de nombreuses publications, notamment <a href=\"https:\/\/www.tastymediterraneo.com\/fr\/tasty-mediterraneo-on-the-huffington-post\/\" target=\"_blank\" rel=\"noopener\">le Huffington Post<\/a>.<\/p>\n<blockquote><p>Mon blog a r\u00e9cemment remport\u00e9 le prix du \u00ab blog Silver Health &amp; Fitness de l&rsquo;ann\u00e9e \u00bb lors des \u00ab\u00a0Irish Health and Fitness Awards 2018\u00a0\u00bb<\/p><\/blockquote>\n<p>Et il a \u00e9t\u00e9 s\u00e9lectionn\u00e9e comme finaliste du \u00ab Best European Health Blog \u00bb de l&rsquo;ann\u00e9e 2018 aux Health Blog Awards du Royaume-Uni.<\/p>\n<blockquote><p>En Novembre 2018 j\u2019ai \u00e9t\u00e9 invit\u00e9e en tant que \u00ab<a href=\"https:\/\/www.tastymediterraneo.com\/fr\/influenceur-dalimentation-et-sante-de-lunion-europeen\/\" target=\"_blank\" rel=\"noopener\">Influenceur cl\u00e9 de l\u2019alimentation et de la sant\u00e9 de l\u2019Union europ\u00e9enne<\/a>\u00bb au \u00ab <a href=\"https:\/\/research.reading.ac.uk\/ifnh\/2018\/11\/19\/eit-food-london-influencer-event-discusses-food-systems-of-the-future\/\" target=\"_blank\" rel=\"noopener\">Forum sur l\u2019alimentation et la sant\u00e9<\/a> \u00bb \u00e0 Londres<\/p><\/blockquote>\n<p>Cet \u00e9v\u00e9nement \u00e9tait organis\u00e9 par l\u2019Universit\u00e9 de Reading en collaboration avec le Conseil Europ\u00e9en de l\u2019Information sur l\u2019Alimentation (EUFIC), EIT Food et d\u2019autres partenaires.<\/p>\n<blockquote><p>La veille de No\u00ebl 2018 le journal irlandais <a href=\"https:\/\/www.irishexaminer.com\/breakingnews\/lifestyle\/features\/online-lives-margarita-ribot-893856.html\" target=\"_blank\" rel=\"noopener\">\u00ab Irish Examiner \u00bb a \u00e9crit un article sur moi<\/a> et mon blog Tasty Mediterraneo<\/p><\/blockquote>\n<p><span class=\"tlid-translation translation\" lang=\"fr\"><span class=\"\" title=\"\">En f\u00e9vrier 2019, <a href=\"https:\/\/www.tastymediterraneo.com\/fr\/tasty-mediterraneo-aux-nations-unies\/\" target=\"_blank\" rel=\"noopener\">j&rsquo;ai eu l&rsquo;honneur d&rsquo;\u00eatre invit\u00e9 au lancement officiel de la premi\u00e8re Journ\u00e9e Mondiale des L\u00e9gumineuses au si\u00e8ge des Nations Unies<\/a> \u00e0 New York.<\/span><\/span><\/p>\n<blockquote><p><img loading=\"lazy\" decoding=\"async\" class=\"aligncenter size-full wp-image-7994\" src=\"https:\/\/www.tastymediterraneo.com\/wp-content\/uploads\/2019\/04\/Tasty-Mediterraneo-United-Nations-WPD-2019-2.jpg\" alt=\"\" width=\"1260\" height=\"1680\" srcset=\"https:\/\/www.tastymediterraneo.com\/wp-content\/uploads\/2019\/04\/Tasty-Mediterraneo-United-Nations-WPD-2019-2.jpg 1260w, https:\/\/www.tastymediterraneo.com\/wp-content\/uploads\/2019\/04\/Tasty-Mediterraneo-United-Nations-WPD-2019-2-225x300.jpg 225w, https:\/\/www.tastymediterraneo.com\/wp-content\/uploads\/2019\/04\/Tasty-Mediterraneo-United-Nations-WPD-2019-2-768x1024.jpg 768w, https:\/\/www.tastymediterraneo.com\/wp-content\/uploads\/2019\/04\/Tasty-Mediterraneo-United-Nations-WPD-2019-2-600x800.jpg 600w\" sizes=\"(max-width: 1260px) 100vw, 1260px\" \/><span class=\"tlid-translation translation\" lang=\"fr\"><span class=\"\" title=\"\">J&rsquo;ai eu le privil\u00e8ge de parler de mon travail chez Tasty Mediterraneo et de l&rsquo;importance des l\u00e9gumineuses dans l&rsquo;alimentation m\u00e9diterran\u00e9enne au si\u00e8ge des Nations Unies devant un public tr\u00e8s s\u00e9lect.<\/span><br \/>\n<\/span><\/p>\n<p><img loading=\"lazy\" decoding=\"async\" class=\"aligncenter size-full wp-image-8427\" src=\"https:\/\/www.tastymediterraneo.com\/wp-content\/uploads\/2019\/08\/EatingtheGap-EIT-Food-1.png\" alt=\"\" width=\"1134\" height=\"734\" srcset=\"https:\/\/www.tastymediterraneo.com\/wp-content\/uploads\/2019\/08\/EatingtheGap-EIT-Food-1.png 1134w, https:\/\/www.tastymediterraneo.com\/wp-content\/uploads\/2019\/08\/EatingtheGap-EIT-Food-1-300x194.png 300w, https:\/\/www.tastymediterraneo.com\/wp-content\/uploads\/2019\/08\/EatingtheGap-EIT-Food-1-768x497.png 768w, https:\/\/www.tastymediterraneo.com\/wp-content\/uploads\/2019\/08\/EatingtheGap-EIT-Food-1-1024x663.png 1024w, https:\/\/www.tastymediterraneo.com\/wp-content\/uploads\/2019\/08\/EatingtheGap-EIT-Food-1-600x388.png 600w\" sizes=\"(max-width: 1134px) 100vw, 1134px\" \/>En juin 2019 j\u2019ai \u00e9t\u00e9 invit\u00e9e en tant que <a href=\"https:\/\/www.tastymediterraneo.com\/fr\/eating-the-gap\/\" target=\"_blank\" rel=\"noopener\">\u00abInfluenceur cl\u00e9 de l\u2019alimentation et de la sant\u00e9 de l\u2019Union europ\u00e9enne\u00bb \u00e0 un \u00e9v\u00e9nement intitul\u00e9 #EatingtheGap<\/a><\/p><\/blockquote>\n<p>Cet \u00e9v\u00e9nement \u00e9tait organis\u00e9 par le Conseil Europ\u00e9en de l\u2019Information sur l\u2019Alimentation (EUFIC), l\u2019Universit\u00e9 de Reading et EIT Food en collaboration avec d\u2019autres partenaires.<\/p>\n<p>A travers mon blog, je suis tr\u00e8s heureuse de partager avec vous les recettes m\u00e9diterran\u00e9ennes de ma famille ainsi que certaines caract\u00e9ristiques du style de vie m\u00e9diterran\u00e9en sain. Merci encore d&rsquo;\u00eatre ici, je vous invite \u00e0 y rester, \u00e0 vous abonner \u00e0 ma newsletter et \u00e0 profiter d&rsquo;une alimentation saine! Bonne cuisine saine!<\/p>\n<p>&nbsp;<\/p>\n<p>&nbsp;<\/p>\n<p>&nbsp;<\/p>\n<p>&nbsp;<\/p>\n","protected":false},"excerpt":{"rendered":"<p>Bonjour, je m\u2019appelle Margarita, je suis coach en nutrition et sant\u00e9, je suis passionn\u00e9e du manger sainement et j\u2019aime cuisiner des plats m\u00e9diterran\u00e9ens. Merci pour vous \u00eatre arr\u00eat\u00e9 sur Tasty Mediterraneo! J&rsquo;ai grandi en Espagne avec la di\u00e8te et le style de vie m\u00e9diterran\u00e9en Ma m\u00e8re est originaire de Ja\u00e9n (en Andalousie) et mon p\u00e8re&#8230;<\/p>\n<p><a class=\"more-link\" href=\"https:\/\/www.tastymediterraneo.com\/fr\/a-propos-de-margarita\/\">Lire la suite<\/a><\/p>\n","protected":false},"author":1,"featured_media":6532,"parent":0,"menu_order":0,"comment_status":"closed","ping_status":"closed","template":"","meta":{"footnotes":""},"_links":{"self":[{"href":"https:\/\/www.tastymediterraneo.com\/fr\/wp-json\/wp\/v2\/pages\/7019\/"}],"collection":[{"href":"https:\/\/www.tastymediterraneo.com\/fr\/wp-json\/wp\/v2\/pages\/"}],"about":[{"href":"https:\/\/www.tastymediterraneo.com\/fr\/wp-json\/wp\/v2\/types\/page\/"}],"author":[{"embeddable":true,"href":"https:\/\/www.tastymediterraneo.com\/fr\/wp-json\/wp\/v2\/users\/1\/"}],"replies":[{"embeddable":true,"href":"https:\/\/www.tastymediterraneo.com\/fr\/wp-json\/wp\/v2\/comments\/?post=7019"}],"version-history":[{"count":5,"href":"https:\/\/www.tastymediterraneo.com\/fr\/wp-json\/wp\/v2\/pages\/7019\/revisions\/"}],"predecessor-version":[{"id":8428,"href":"https:\/\/www.tastymediterraneo.com\/fr\/wp-json\/wp\/v2\/pages\/7019\/revisions\/8428\/"}],"wp:featuredmedia":[{"embeddable":true,"href":"https:\/\/www.tastymediterraneo.com\/fr\/wp-json\/wp\/v2\/media\/6532\/"}],"wp:attachment":[{"href":"https:\/\/www.tastymediterraneo.com\/fr\/wp-json\/wp\/v2\/media\/?parent=7019"}],"curies":[{"name":"wp","href":"https:\/\/api.w.org\/{rel}","templated":true}]}}