{"id":6873,"date":"2018-05-25T22:41:10","date_gmt":"2018-05-25T21:41:10","guid":{"rendered":"https:\/\/www.tastymediterraneo.com\/?page_id=6873"},"modified":"2018-05-25T23:09:30","modified_gmt":"2018-05-25T22:09:30","slug":"politique-de-confidentialite","status":"publish","type":"page","link":"https:\/\/www.tastymediterraneo.com\/fr\/politique-de-confidentialite\/","title":{"rendered":"Politique de confidentialit\u00e9"},"content":{"rendered":"<p>Chez Tasty Mediterraneo, nous accordons une attention toute particuli\u00e8re \u00e0 la confidentialit\u00e9 de vos donn\u00e9es personnelles et respectons nos obligations en vertu du R\u00e8glement G\u00e9n\u00e9ral sur la Protection des Donn\u00e9es (RGPD). Le but de cette d\u00e9claration de confidentialit\u00e9 est de d\u00e9finir comment nous traitons les donn\u00e9es personnelles fournies \u00e0 Tasty Mediterraneo lors de la visite du site Web Tasty Mediterraneo &#8211; www.tastymediterraneo.com<\/p>\n<p>Notre site Web contient des liens vers des sites externes. Cette politique de confidentialit\u00e9 s&rsquo;applique uniquement \u00e0 ce site Web. Veuillez noter que nous ne sommes pas responsables des pratiques de confidentialit\u00e9 des sites Web de tiers et que si vous cliquez sur, ou suivez, des liens de notre site vers des sites web externes, notre politique de confidentialit\u00e9 ne s&rsquo;appliquera plus. On vous conseille de v\u00e9rifier les politiques de confidentialit\u00e9 de tout site externe avant de soumettre des donn\u00e9es personnelles.<\/p>\n<p>Tasty Mediterraneo est un blog personnel \u00e9crit et \u00e9dit\u00e9 par Margarita Ribot. Le contenu et opinions exprim\u00e9es sur ce blog sont purement et simplement celle de son propri\u00e9taire.<\/p>\n<p>COLLECTE ET GESTION DE DONN\u00c9ES PERSONNELLES<\/p>\n<h5>1. Types d&rsquo;informations collect\u00e9es par Tasty Mediterraneo<\/h5>\n<p>Nous collectons deux types d&rsquo;informations:<\/p>\n<p>\u00ab\u00a0Donn\u00e9es Non-Personnelles\u00a0\u00bb:<br \/>\nCe site utilise Google Analytics pour collecter des statistiques et d&rsquo;autres informations analytiques collect\u00e9es sur l&rsquo;ensemble des visiteurs de notre site, comme le nombre d&rsquo;utilisateurs uniques qui visitent notre site Web, la r\u00e9partition d\u00e9mographique des utilisateurs de notre site Web ou les activit\u00e9s des visiteurs sur notre site Web lorsque ils s&rsquo;engagent sur notre site Web.<\/p>\n<p>Ces donn\u00e9es non personnelles comprennent des informations qui ne peuvent pas \u00eatre utilis\u00e9es pour vous identifier ou vous contacter, telles que des informations d\u00e9mographiques concernant, par exemple, les adresses IP des utilisateurs, les types de navigateurs et d&rsquo;autres donn\u00e9es statistiques anonymes impliquant l&rsquo;utilisation de notre site Web.<\/p>\n<p>\u00ab\u00a0Donn\u00e9es Personnelles\u00a0\u00bb:<br \/>\nIl s&rsquo;agit de donn\u00e9es qui vous identifient ou peuvent \u00eatre utilis\u00e9es pour vous identifier ou vous contacter et peuvent inclure votre nom, votre adresse e-mail, vos adresses IP dans des circonstances o\u00f9 elles n&rsquo;ont pas \u00e9t\u00e9 anonymis\u00e9es. Ces informations ne sont collect\u00e9es que si vous les soumettez volontairement et nous les utilisons pour vous fournir des services et des informations du site Tasty Mediterraneo.<\/p>\n<p>Tasty Mediterraneo recueille des donn\u00e9es personnelles dans les circonstances suivantes: lorsque vous vous abonnez \u00e0 notre newsletter, lorsque vous postez un commentaire sur notre site ou lorsque vous nous contactez via nos formulaires de contact.<\/p>\n<h5>2. Objectifs pour lesquels nous conservons vos informations<\/h5>\n<p>\u00ab\u00a0Donn\u00e9es Non-Personnelles\u00a0\u00bb:<br \/>\nNous utilisons les donn\u00e9es non personnelles recueillies via Google Analytics aupr\u00e8s des visiteurs de notre site Web sous forme agr\u00e9g\u00e9e pour mieux comprendre d&rsquo;o\u00f9 viennent nos visiteurs et pour nous aider \u00e0 mieux concevoir et organiser notre site Web.<\/p>\n<p>\u00ab\u00a0Donn\u00e9es Personnelles\u00a0\u00bb:<br \/>\nNous traiterons toutes les donn\u00e9es personnelles que vous nous fournissez aux fines suivantes:<br \/>\n&#8211; Pour vous contacter si nous devons r\u00e9pondre \u00e0 toute communication de votre part<br \/>\n&#8211; Pour vous informer des changements et des mises \u00e0 jour de nos services et site web<br \/>\n&#8211; Pour vous fournir des newsletters pour lesquelles vous vous abonnez volontairement.<\/p>\n<p>Si vous ne souhaitez plus recevoir notre newsletter, vous pouvez vous d\u00e9sabonner \u00e0 tout moment. Nous avons toujours inclus et continuerons \u00e0 inclure un lien de d\u00e9sabonnement \u00abUnsubscribe\u00bb au bas de chaque courriel que nous envoyons.<\/p>\n<h5>3. Divulgation d&rsquo;informations \u00e0 des tiers<\/h5>\n<p>\u00ab\u00a0Donn\u00e9es Non-Personnelles\u00a0\u00bb:<br \/>\nNous pouvons fournir vos donn\u00e9es non personnelles \u00e0 des tiers, lorsque ces informations sont combin\u00e9es avec des informations similaires d&rsquo;autres utilisateurs de notre site Web. Par exemple, nous informons parfois des tiers du nombre d&rsquo;utilisateurs uniques qui visitent notre site Web, de la r\u00e9partition d\u00e9mographique de nos utilisateurs de notre site Web ou des activit\u00e9s auxquelles les visiteurs de notre site Web participent sur notre site Web.<\/p>\n<p>\u00ab\u00a0Donn\u00e9es Personnelles\u00a0\u00bb:<br \/>\nTasty Mediterraneo ne divulguera pas ni vendra jamais vos donn\u00e9es personnelles \u00e0 des tiers. Cependant, nous divulguerons vos donn\u00e9es personnelles \u00e0 des tiers si nous sommes tenus de les divulguer afin de se conformer \u00e0 toute loi applicable, un mandat de perquisition, un tribunal, un ordre r\u00e9glementaire ou toute autre exigence l\u00e9gale.<\/p>\n<h5>4. Informations par courriel<\/h5>\n<p>Si vous choisissez de correspondre avec nous par e-mail, nous pouvons conserver le contenu de vos e-mails avec votre adresse e-mail et nos r\u00e9ponses.<\/p>\n<h5>5. Cookies<\/h5>\n<p>Ce site utilise la technologie \u00ab\u00a0cookie\u00a0\u00bb. Un cookie est un petit fichier texte envoy\u00e9 \u00e0 votre navigateur, \u00e0 la demande de notre serveur pendant que notre site Web est visit\u00e9. Nous pouvons utiliser des cookies pour fournir un contenu sp\u00e9cifique \u00e0 vos centres d&rsquo;int\u00e9r\u00eat et pour enregistrer vos pr\u00e9f\u00e9rences personnelles afin que vous n&rsquo;ayez pas \u00e0 les saisir \u00e0 nouveau \u00e0 chaque fois que vous vous connectez \u00e0 notre site Web.<\/p>\n<p>Cela nous aide \u00e0 vous fournir une bonne exp\u00e9rience lorsque vous naviguez sur notre site Web et nous aide \u00e9galement \u00e0 am\u00e9liorer notre site.<\/p>\n<p>Vous \u00eates toujours libre de refuser l&rsquo;utilisation des cookies, si votre navigateur le permet, ou de demander \u00e0 votre navigateur d&rsquo;indiquer quand un cookie est envoy\u00e9. Vous pouvez \u00e9galement supprimer les fichiers cookies de votre ordinateur \u00e0 votre discr\u00e9tion. Notez que si vous refusez nos cookies cela peut affecter votre facilit\u00e9 d&rsquo;utilisation de ce site.<\/p>\n<p>Vous pouvez choisir d&#8217;emp\u00eacher Google Analytics de collecter et d&rsquo;utiliser vos donn\u00e9es en vous rendant sur la page <a href=\"https:\/\/tools.google.com\/dlpage\/gaoptout\/?hl=fr\" target=\"_blank\" rel=\"noopener\">https:\/\/tools.google.com\/dlpage\/gaoptout\/?hl=fr<\/a><\/p>\n<p>En savoir plus sur les cookies ici: <a href=\"http:\/\/ec.europa.eu\/ipg\/basics\/legal\/cookies\/index_fr.htm\" target=\"_blank\" rel=\"noopener\">http:\/\/ec.europa.eu\/ipg\/basics\/legal\/cookies\/index_fr.htm<\/a><\/p>\n<h5>6. Vos droits<\/h5>\n<p>Vous avez le droit de vous d\u00e9sabonner de notre newsletter \u00e0 tout moment et de nous demander de supprimer tout commentaire que vous avez \u00e9crit sur notre site ainsi que de nous demander d&rsquo;effacer vos donn\u00e9es.<\/p>\n<h5>7. Modifications de la d\u00e9claration de confidentialit\u00e9<\/h5>\n<p>Tout changement \u00e0 cette d\u00e9claration de confidentialit\u00e9 sera publi\u00e9 sur ce site Web afin que vous soyez toujours au courant des informations que nous collectons, de la fa\u00e7on dont nous les utilisons et dans quelles circonstances. Si, \u00e0 tout moment, nous d\u00e9cidons d&rsquo;utiliser des donn\u00e9es personnelles d&rsquo;une mani\u00e8re diff\u00e9rente de celle indiqu\u00e9e dans la pr\u00e9sente d\u00e9claration de confidentialit\u00e9 du site, nous vous en informerons par e-mail et vous aurez le choix de d\u00e9cider si nous utilisons ou non vos informations de la nouvelle mani\u00e8re.<\/p>\n<h5>8. Questions<\/h5>\n<p>Le seul but de Tasty Mediterraneo de collecter ces informations est de vous donner la meilleure exp\u00e9rience de notre site Web. Si vous avez des questions concernant la d\u00e9claration ci-dessus, veuillez nous contacter \u00e0 info@tastymediterraneo.com<\/p>\n<p>&nbsp;<\/p>\n<p>&nbsp;<\/p>\n","protected":false},"excerpt":{"rendered":"<p>Chez Tasty Mediterraneo, nous accordons une attention toute particuli\u00e8re \u00e0 la confidentialit\u00e9 de vos donn\u00e9es personnelles et respectons nos obligations en vertu du R\u00e8glement G\u00e9n\u00e9ral sur la Protection des Donn\u00e9es (RGPD). Le but de cette d\u00e9claration de confidentialit\u00e9 est de d\u00e9finir comment nous traitons les donn\u00e9es personnelles fournies \u00e0 Tasty Mediterraneo lors de la visite&#8230;<\/p>\n<p><a class=\"more-link\" href=\"https:\/\/www.tastymediterraneo.com\/fr\/politique-de-confidentialite\/\">Lire la suite<\/a><\/p>\n","protected":false},"author":1,"featured_media":0,"parent":0,"menu_order":0,"comment_status":"closed","ping_status":"closed","template":"","meta":{"footnotes":""},"_links":{"self":[{"href":"https:\/\/www.tastymediterraneo.com\/fr\/wp-json\/wp\/v2\/pages\/6873\/"}],"collection":[{"href":"https:\/\/www.tastymediterraneo.com\/fr\/wp-json\/wp\/v2\/pages\/"}],"about":[{"href":"https:\/\/www.tastymediterraneo.com\/fr\/wp-json\/wp\/v2\/types\/page\/"}],"author":[{"embeddable":true,"href":"https:\/\/www.tastymediterraneo.com\/fr\/wp-json\/wp\/v2\/users\/1\/"}],"replies":[{"embeddable":true,"href":"https:\/\/www.tastymediterraneo.com\/fr\/wp-json\/wp\/v2\/comments\/?post=6873"}],"version-history":[{"count":3,"href":"https:\/\/www.tastymediterraneo.com\/fr\/wp-json\/wp\/v2\/pages\/6873\/revisions\/"}],"predecessor-version":[{"id":6877,"href":"https:\/\/www.tastymediterraneo.com\/fr\/wp-json\/wp\/v2\/pages\/6873\/revisions\/6877\/"}],"wp:attachment":[{"href":"https:\/\/www.tastymediterraneo.com\/fr\/wp-json\/wp\/v2\/media\/?parent=6873"}],"curies":[{"name":"wp","href":"https:\/\/api.w.org\/{rel}","templated":true}]}}