{"id":5864,"date":"2018-04-16T11:58:39","date_gmt":"2018-04-16T10:58:39","guid":{"rendered":"https:\/\/www.tastymediterraneo.com\/?page_id=5864"},"modified":"2018-04-16T11:58:39","modified_gmt":"2018-04-16T10:58:39","slug":"la-diete-mediterraneenne","status":"publish","type":"page","link":"https:\/\/www.tastymediterraneo.com\/fr\/la-diete-mediterraneenne\/","title":{"rendered":"La di\u00e8te m\u00e9diterran\u00e9enne"},"content":{"rendered":"<p><img loading=\"lazy\" decoding=\"async\" class=\"aligncenter size-full wp-image-2984\" src=\"https:\/\/www.tastymediterraneo.com\/wp-content\/uploads\/2016\/01\/Tasty-Mediterraneo-olive-tree-Beirut.jpg\" alt=\"\" width=\"1000\" height=\"336\" srcset=\"https:\/\/www.tastymediterraneo.com\/wp-content\/uploads\/2016\/01\/Tasty-Mediterraneo-olive-tree-Beirut.jpg 1000w, https:\/\/www.tastymediterraneo.com\/wp-content\/uploads\/2016\/01\/Tasty-Mediterraneo-olive-tree-Beirut-300x101.jpg 300w, https:\/\/www.tastymediterraneo.com\/wp-content\/uploads\/2016\/01\/Tasty-Mediterraneo-olive-tree-Beirut-768x258.jpg 768w, https:\/\/www.tastymediterraneo.com\/wp-content\/uploads\/2016\/01\/Tasty-Mediterraneo-olive-tree-Beirut-600x202.jpg 600w\" sizes=\"(max-width: 1000px) 100vw, 1000px\" \/>La di\u00e8te m\u00e9diterran\u00e9enne, <a href=\"https:\/\/ich.unesco.org\/fr\/RL\/la-diete-mediterraneenne-00884?RL=00884\" target=\"_blank\" rel=\"noopener\"><strong>Patrimoine immat\u00e9riel de l&rsquo;UNESCO<\/strong><\/a>, est l\u2019un des r\u00e9gimes alimentaires les plus sains au monde.<\/p>\n<p>La di\u00e8te m\u00e9diterran\u00e9enne n\u2019est pas un r\u00e9gime de perte de poids ni un r\u00e9gime prescriptif, il s\u2019agit d\u2019un style de vie et d\u2019alimentation saine o\u00f9 les fruits et l\u00e9gumes, les l\u00e9gumineuses telles que les haricots et les lentilles, les fruits secs, les grains entiers et l\u2019huile d\u2019olive vierge extra (HOVE) sont abondants.<\/p>\n<p>La di\u00e8te m\u00e9diterran\u00e9enne met l&rsquo;accent sur le fait de manger principalement des aliments d\u2019origine v\u00e9g\u00e9tale. De poisson, de volaille et des produits laitiers (principalement le fromage et le yaourt) sont consomm\u00e9s avec mod\u00e9ration et la consommation de viande rouge est limit\u00e9e. Les aliments ultra-transform\u00e9s n\u2019ont pas la place dans le r\u00e9gime m\u00e9diterran\u00e9en.<\/p>\n<h6>Bienfaits demontr\u00e9s par la recherche scientifique<\/h6>\n<p>La recherche scientifique a prouv\u00e9 des nombreux bienfaits et avantages de suivre un style de vie et d\u2019alimentation m\u00e9diterran\u00e9en, y compris la gestion du poids, la sant\u00e9 cardiaque et la sant\u00e9 mentale pour n&rsquo;en nommer que quelques-uns.<\/p>\n<p>Ici, vous avez le lien vers les publications de l&rsquo;<a href=\"http:\/\/www.predimed.es\/publications.html\" target=\"_blank\" rel=\"noopener\">\u00e9tude scientifique <strong>PREDIMED<\/strong><\/a> ainsi que quelques liens vers des <em><strong>publications dans les news<\/strong><\/em> qui parlent des nombreux avantages de suivre la di\u00e8te m\u00e9diterran\u00e9enne:<\/p>\n<p><a href=\"http:\/\/sante.lefigaro.fr\/actualite\/2013\/02\/26\/19936-bienfaits-regime-mediterraneen-confirmes\" target=\"_blank\" rel=\"noopener\">Les bienfaits du r\u00e9gime m\u00e9diterran\u00e9en confirm\u00e9s<\/a><\/p>\n<p><a href=\"http:\/\/www.huffingtonpost.fr\/2013\/02\/26\/un-regime-mediterraneen-reduirait-risque-cardiaque-et-cerebral_n_2766192.html\" target=\"_blank\" rel=\"noopener\">Un r\u00e9gime m\u00e9diterran\u00e9en r\u00e9duit de 30% le risque cardiaque et c\u00e9r\u00e9bral<\/a><\/p>\n<p><a href=\"http:\/\/francais.medscape.com\/voirarticle\/3512393\" target=\"_blank\" rel=\"noopener\">Le r\u00e9gime m\u00e9diterran\u00e9en r\u00e9duit de 30 % le risque cardiovasculaire en pr\u00e9vention primaire<\/a><\/p>\n<p><a href=\"http:\/\/www.parismatch.com\/Actu\/Sante\/Le-regime-mediterraneen-previent-bien-des-infarctus-et-AVC-508636\" target=\"_blank\" rel=\"noopener\">Le r\u00e9gime m\u00e9diterran\u00e9en pr\u00e9vient bien des infarctus et AVC<\/a><\/p>\n<p><a href=\"http:\/\/sante.lefigaro.fr\/mieux-etre\/nutrition-pratique\/regime-mediterraneen\/quels-bienfaits\" target=\"_blank\" rel=\"noopener\">R\u00e9gime m\u00e9diterran\u00e9en<\/a><\/p>\n<p><a href=\"http:\/\/www.journaldemontreal.com\/2017\/04\/02\/le-regime-mediterraneen-pour-prevenir-le-cancer-du-sein\" target=\"_blank\" rel=\"noopener\">Le r\u00e9gime m\u00e9diterran\u00e9en pour pr\u00e9venir le cancer du sein<\/a><\/p>\n<p><a href=\"http:\/\/www.journaldemontreal.com\/2015\/07\/05\/les-benefices-extraordinaires-du-regime-mediterraneen\" target=\"_blank\" rel=\"noopener\">Les b\u00e9n\u00e9fices extraordinaires du r\u00e9gime m\u00e9diterran\u00e9en<\/a><\/p>\n<h6><span class=\"st\">Ce n&rsquo;est pas un r\u00e9gime restrictif<\/span><\/h6>\n<p>La di\u00e8te m\u00e9diterran\u00e9enne est saine mais indulgent au m\u00eame temps, avec <a href=\"https:\/\/www.tastymediterraneo.com\/fr\/recettes\/\" target=\"_blank\" rel=\"noopener\">une \u00e9norme quantit\u00e9 de repas d\u00e9licieux<\/a> ce qui facilite le maintien pour des longues p\u00e9riodes de temps comme un style de vie attrayant.<\/p>\n<p>Si vous vous \u00eates d\u00e9j\u00e0 demand\u00e9 comment vous pouvez incorporer un r\u00e9gime de style m\u00e9diterran\u00e9en dans vos repas de tous les jours, vous pouvez trouver de <a href=\"https:\/\/www.tastymediterraneo.com\/fr\/recettes\/\" target=\"_blank\" rel=\"noopener\">nombreuses recettes v\u00e9g\u00e9tariennes et v\u00e9g\u00e9taliennes saines de la di\u00e8te m\u00e9diterran\u00e9enne<\/a> sur mon blog Tasty Mediterraneo.<\/p>\n<p>La di\u00e8te m\u00e9diterran\u00e9enne est beaucoup plus qu\u2019un simple r\u00e9gime alimentaire savoureux et sain. C\u2019est un mode de vie \u00e9quilibr\u00e9 qui inclut non seulement des recettes et des m\u00e9thodes de cuisson, mais aussi des c\u00e9l\u00e9brations, des coutumes, des produits locaux, de l\u2019activit\u00e9 physique au quotidien etc.<\/p>\n<p>L\u2019hospitalit\u00e9, la convivialit\u00e9 et la transmission des recettes de g\u00e9n\u00e9ration en g\u00e9n\u00e9ration sont des \u00e9l\u00e9ments importants de la di\u00e8te m\u00e9diterran\u00e9enne.<\/p>\n<p>J&rsquo;offre mes services de coaching en nutrition et sant\u00e9 sp\u00e9cialis\u00e9 dans le r\u00e9gime m\u00e9diterran\u00e9en. Si vous souhaitez en savoir plus, consultez ma page de \u00ab <strong>Coaching Nutrition et Sant\u00e9<\/strong>\u00a0\u00bb.<\/p>\n<p>Profitez d&rsquo;une alimentation saine et savoureuse avec le style de vie m\u00e9diterran\u00e9en!<\/p>\n<p>&nbsp;<\/p>\n","protected":false},"excerpt":{"rendered":"<p>La di\u00e8te m\u00e9diterran\u00e9enne, Patrimoine immat\u00e9riel de l&rsquo;UNESCO, est l\u2019un des r\u00e9gimes alimentaires les plus sains au monde. La di\u00e8te m\u00e9diterran\u00e9enne n\u2019est pas un r\u00e9gime de perte de poids ni un r\u00e9gime prescriptif, il s\u2019agit d\u2019un style de vie et d\u2019alimentation saine o\u00f9 les fruits et l\u00e9gumes, les l\u00e9gumineuses telles que les haricots et les lentilles,&#8230;<\/p>\n<p><a class=\"more-link\" href=\"https:\/\/www.tastymediterraneo.com\/fr\/la-diete-mediterraneenne\/\">Lire la suite<\/a><\/p>\n","protected":false},"author":1,"featured_media":5846,"parent":0,"menu_order":0,"comment_status":"closed","ping_status":"closed","template":"","meta":{"footnotes":""},"_links":{"self":[{"href":"https:\/\/www.tastymediterraneo.com\/fr\/wp-json\/wp\/v2\/pages\/5864\/"}],"collection":[{"href":"https:\/\/www.tastymediterraneo.com\/fr\/wp-json\/wp\/v2\/pages\/"}],"about":[{"href":"https:\/\/www.tastymediterraneo.com\/fr\/wp-json\/wp\/v2\/types\/page\/"}],"author":[{"embeddable":true,"href":"https:\/\/www.tastymediterraneo.com\/fr\/wp-json\/wp\/v2\/users\/1\/"}],"replies":[{"embeddable":true,"href":"https:\/\/www.tastymediterraneo.com\/fr\/wp-json\/wp\/v2\/comments\/?post=5864"}],"version-history":[{"count":5,"href":"https:\/\/www.tastymediterraneo.com\/fr\/wp-json\/wp\/v2\/pages\/5864\/revisions\/"}],"predecessor-version":[{"id":6579,"href":"https:\/\/www.tastymediterraneo.com\/fr\/wp-json\/wp\/v2\/pages\/5864\/revisions\/6579\/"}],"wp:featuredmedia":[{"embeddable":true,"href":"https:\/\/www.tastymediterraneo.com\/fr\/wp-json\/wp\/v2\/media\/5846\/"}],"wp:attachment":[{"href":"https:\/\/www.tastymediterraneo.com\/fr\/wp-json\/wp\/v2\/media\/?parent=5864"}],"curies":[{"name":"wp","href":"https:\/\/api.w.org\/{rel}","templated":true}]}}