{"id":522,"date":"2015-06-09T00:06:21","date_gmt":"2015-06-08T23:06:21","guid":{"rendered":"https:\/\/www.tastymediterraneo.com\/?page_id=522"},"modified":"2015-06-09T00:09:42","modified_gmt":"2015-06-08T23:09:42","slug":"desinscription-terminee","status":"publish","type":"page","link":"https:\/\/www.tastymediterraneo.com\/fr\/desinscription-terminee\/","title":{"rendered":"D\u00e9sinscription termin\u00e9e"},"content":{"rendered":"<p>Votre email a \u00e9t\u00e9 supprim\u00e9 de notre liste de diffusion.<\/p>\n","protected":false},"excerpt":{"rendered":"<p>Votre email a \u00e9t\u00e9 supprim\u00e9 de notre liste de diffusion.<\/p>\n","protected":false},"author":1,"featured_media":0,"parent":0,"menu_order":0,"comment_status":"open","ping_status":"open","template":"","meta":{"footnotes":""},"_links":{"self":[{"href":"https:\/\/www.tastymediterraneo.com\/fr\/wp-json\/wp\/v2\/pages\/522\/"}],"collection":[{"href":"https:\/\/www.tastymediterraneo.com\/fr\/wp-json\/wp\/v2\/pages\/"}],"about":[{"href":"https:\/\/www.tastymediterraneo.com\/fr\/wp-json\/wp\/v2\/types\/page\/"}],"author":[{"embeddable":true,"href":"https:\/\/www.tastymediterraneo.com\/fr\/wp-json\/wp\/v2\/users\/1\/"}],"replies":[{"embeddable":true,"href":"https:\/\/www.tastymediterraneo.com\/fr\/wp-json\/wp\/v2\/comments\/?post=522"}],"version-history":[{"count":2,"href":"https:\/\/www.tastymediterraneo.com\/fr\/wp-json\/wp\/v2\/pages\/522\/revisions\/"}],"predecessor-version":[{"id":529,"href":"https:\/\/www.tastymediterraneo.com\/fr\/wp-json\/wp\/v2\/pages\/522\/revisions\/529\/"}],"wp:attachment":[{"href":"https:\/\/www.tastymediterraneo.com\/fr\/wp-json\/wp\/v2\/media\/?parent=522"}],"curies":[{"name":"wp","href":"https:\/\/api.w.org\/{rel}","templated":true}]}}