{"id":3199,"date":"2016-02-15T21:41:41","date_gmt":"2016-02-15T21:41:41","guid":{"rendered":"https:\/\/www.tastymediterraneo.com\/fr\/iyp2016-recipes\/"},"modified":"2016-05-08T18:09:38","modified_gmt":"2016-05-08T17:09:38","slug":"iyp2016-recipes","status":"publish","type":"page","link":"https:\/\/www.tastymediterraneo.com\/fr\/iyp2016-recipes\/","title":{"rendered":"Publi\u00e9 dans FAO #AIL2016"},"content":{"rendered":"<table>\n<tbody>\n<tr>\n<td><a href=\"http:\/\/www.fao.org\/3\/a-bc485e.pdf\" target=\"_blank\" rel=\"attachment wp-att-1772\"><img loading=\"lazy\" decoding=\"async\" class=\"aligncenter wp-image-1772 size-medium\" src=\"https:\/\/www.tastymediterraneo.com\/wp-content\/uploads\/2016\/04\/Tasty-mediterraneo-FAO-Spanish-Chickpea-Spinach-Stew.png\" alt=\"Spanish Chickpea &amp; Spinach Stew\" width=\"300\" height=\"300\" \/><\/a><\/td>\n<td><\/td>\n<td><\/td>\n<td><a href=\"http:\/\/www.fao.org\/3\/a-bc129e.pdf\" target=\"_blank\" rel=\"attachment wp-att-2638\"><img loading=\"lazy\" decoding=\"async\" class=\"aligncenter wp-image-2638 size-medium\" src=\"https:\/\/www.tastymediterraneo.com\/wp-content\/uploads\/2016\/04\/Tasty-mediterraneo-FAO-Lebanese-Foul-Moudammas-.png\" alt=\"Tasty-Mediterraneo-fava-beans-Lebanese-foul\" width=\"300\" height=\"300\" \/><\/a><\/td>\n<\/tr>\n<tr>\n<td style=\"text-align: center;\"><a href=\"http:\/\/www.fao.org\/3\/a-bc485e.pdf\" target=\"_blank\" rel=\"attachment wp-att-1772\">Potage espagnol aux pois chiches et \u00e9pinards<\/a><\/td>\n<td><\/td>\n<td><\/td>\n<td style=\"text-align: center;\"><a href=\"http:\/\/www.fao.org\/3\/a-bc129e.pdf\" target=\"_blank\" rel=\"attachment wp-att-2638\">F\u00e8ves \u00e0 la libanaise<\/a><\/td>\n<\/tr>\n<tr>\n<td><\/td>\n<td><\/td>\n<td><\/td>\n<td><\/td>\n<\/tr>\n<tr>\n<td><\/td>\n<td><\/td>\n<td><\/td>\n<td><\/td>\n<\/tr>\n<tr>\n<td><\/td>\n<td><\/td>\n<td><\/td>\n<td><\/td>\n<\/tr>\n<tr>\n<td><\/td>\n<td><\/td>\n<td><\/td>\n<td><\/td>\n<\/tr>\n<tr>\n<td><\/td>\n<td><\/td>\n<td><\/td>\n<td><\/td>\n<\/tr>\n<tr>\n<td><\/td>\n<td><\/td>\n<td><\/td>\n<td><\/td>\n<\/tr>\n<tr>\n<td><\/td>\n<td><\/td>\n<td><\/td>\n<td><\/td>\n<\/tr>\n<tr>\n<td><\/td>\n<td><\/td>\n<td><\/td>\n<td><\/td>\n<\/tr>\n<tr>\n<td><\/td>\n<td><\/td>\n<td><\/td>\n<td><\/td>\n<\/tr>\n<tr>\n<td><\/td>\n<td><\/td>\n<td><\/td>\n<td><\/td>\n<\/tr>\n<tr>\n<td><\/td>\n<td><\/td>\n<td><\/td>\n<td><\/td>\n<\/tr>\n<tr>\n<td><\/td>\n<td><\/td>\n<td><\/td>\n<td><\/td>\n<\/tr>\n<tr>\n<td><\/td>\n<td><\/td>\n<td><\/td>\n<td><\/td>\n<\/tr>\n<tr>\n<td><\/td>\n<td><\/td>\n<td><\/td>\n<td><\/td>\n<\/tr>\n<tr>\n<td><\/td>\n<td><\/td>\n<td><\/td>\n<td><\/td>\n<\/tr>\n<tr>\n<td><\/td>\n<td><\/td>\n<td><\/td>\n<td><\/td>\n<\/tr>\n<tr>\n<td><\/td>\n<td><\/td>\n<td><\/td>\n<td><\/td>\n<\/tr>\n<tr>\n<td><\/td>\n<td><\/td>\n<td><\/td>\n<td><\/td>\n<\/tr>\n<tr>\n<td><a href=\"http:\/\/www.fao.org\/3\/a-bc135e.pdf\" target=\"_blank\" rel=\"attachment wp-att-2638\"><img loading=\"lazy\" decoding=\"async\" class=\"aligncenter wp-image-2638 size-medium\" src=\"https:\/\/www.tastymediterraneo.com\/wp-content\/uploads\/2016\/04\/Tasty-mediterraneo-FAO-Mediterranean-Lentils-Soup-with-Vegetables.png\" alt=\"Mediterranean lentils soup with vegetables\" width=\"300\" height=\"300\" \/><\/a><\/td>\n<td><\/td>\n<td><\/td>\n<td><a href=\"http:\/\/www.fao.org\/3\/a-bc927e.pdf\" target=\"_blank\" rel=\"attachment wp-att-2638\"><img loading=\"lazy\" decoding=\"async\" class=\"aligncenter wp-image-2638 size-medium\" src=\"https:\/\/www.tastymediterraneo.com\/wp-content\/uploads\/2016\/04\/Tasty-mediterraneo-Hummus-FAO.png\" alt=\"Hummus\" width=\"300\" height=\"300\" \/><\/a><\/td>\n<\/tr>\n<tr>\n<td style=\"text-align: center;\"><a href=\"http:\/\/www.fao.org\/3\/a-bc135e.pdf\" target=\"_blank\" rel=\"attachment wp-att-1772\"> Soupe m\u00e9diterran\u00e9enne aux lentilles et l\u00e9gumes<\/a><\/td>\n<td><\/td>\n<td><\/td>\n<td style=\"text-align: center;\"> <a href=\"http:\/\/www.fao.org\/3\/a-bc927e.pdf\" target=\"_blank\">Hummus <\/a><\/td>\n<\/tr>\n<tr>\n<td><\/td>\n<td><\/td>\n<td><\/td>\n<td><\/td>\n<\/tr>\n<tr>\n<td><\/td>\n<td><\/td>\n<td><\/td>\n<td><\/td>\n<\/tr>\n<tr>\n<td><\/td>\n<td><\/td>\n<td><\/td>\n<td><\/td>\n<\/tr>\n<tr>\n<td><\/td>\n<td><\/td>\n<td><\/td>\n<td><\/td>\n<\/tr>\n<tr>\n<td><\/td>\n<td><\/td>\n<td><\/td>\n<td><\/td>\n<\/tr>\n<tr>\n<td><\/td>\n<td><\/td>\n<td><\/td>\n<td><\/td>\n<\/tr>\n<tr>\n<td><\/td>\n<td><\/td>\n<td><\/td>\n<td><\/td>\n<\/tr>\n<tr>\n<td><\/td>\n<td><\/td>\n<td><\/td>\n<td><\/td>\n<\/tr>\n<tr>\n<td><\/td>\n<td><\/td>\n<td><\/td>\n<td><\/td>\n<\/tr>\n<tr>\n<td><\/td>\n<td><\/td>\n<td><\/td>\n<td><\/td>\n<\/tr>\n<tr>\n<td><\/td>\n<td><\/td>\n<td><\/td>\n<td><\/td>\n<\/tr>\n<tr>\n<td><\/td>\n<td><\/td>\n<td><\/td>\n<td><\/td>\n<\/tr>\n<tr>\n<td><\/td>\n<td><\/td>\n<td><\/td>\n<td><\/td>\n<\/tr>\n<tr>\n<td><\/td>\n<td><\/td>\n<td><\/td>\n<td><\/td>\n<\/tr>\n<tr>\n<td><\/td>\n<td><\/td>\n<td><\/td>\n<td><\/td>\n<\/tr>\n<tr>\n<td><\/td>\n<td><\/td>\n<td><\/td>\n<td><\/td>\n<\/tr>\n<tr>\n<td><\/td>\n<td><\/td>\n<td><\/td>\n<td><\/td>\n<\/tr>\n<tr>\n<td><\/td>\n<td><\/td>\n<td><\/td>\n<td><\/td>\n<\/tr>\n<tr>\n<td><a href=\"http:\/\/www.fao.org\/3\/a-bc977e.pdf\" target=\"_blank\" ><img loading=\"lazy\" decoding=\"async\" class=\"aligncenter wp-image-2638 size-medium\" src=\"https:\/\/www.tastymediterraneo.com\/wp-content\/uploads\/2016\/05\/Tasty-mediterraneo-FAO-Mediterranean-Vegan-Pate.png\" alt=\"Mediterranean vegan pat\u00e9\" width=\"300\" height=\"300\" \/><\/a><\/td>\n<td><\/td>\n<td><\/td>\n<td><\/td>\n<\/tr>\n<tr>\n<td style=\"text-align: center;\"><a href=\"http:\/\/www.fao.org\/3\/a-bc977e.pdf\" target=\"_blank\" rel=\"attachment wp-att-1772\">P\u00e2t\u00e9 V\u00e9g\u00e9talien<\/a><\/td>\n<td><\/td>\n<td><\/td>\n<td style=\"text-align: center;\"><\/td>\n<\/tr>\n<\/tbody>\n<\/table>\n","protected":false},"excerpt":{"rendered":"<p>Potage espagnol aux pois chiches et \u00e9pinards F\u00e8ves \u00e0 la libanaise Soupe m\u00e9diterran\u00e9enne aux lentilles et l\u00e9gumes Hummus P\u00e2t\u00e9 V\u00e9g\u00e9talien<\/p>\n","protected":false},"author":1,"featured_media":0,"parent":0,"menu_order":0,"comment_status":"closed","ping_status":"closed","template":"","meta":{"footnotes":""},"_links":{"self":[{"href":"https:\/\/www.tastymediterraneo.com\/fr\/wp-json\/wp\/v2\/pages\/3199\/"}],"collection":[{"href":"https:\/\/www.tastymediterraneo.com\/fr\/wp-json\/wp\/v2\/pages\/"}],"about":[{"href":"https:\/\/www.tastymediterraneo.com\/fr\/wp-json\/wp\/v2\/types\/page\/"}],"author":[{"embeddable":true,"href":"https:\/\/www.tastymediterraneo.com\/fr\/wp-json\/wp\/v2\/users\/1\/"}],"replies":[{"embeddable":true,"href":"https:\/\/www.tastymediterraneo.com\/fr\/wp-json\/wp\/v2\/comments\/?post=3199"}],"version-history":[{"count":12,"href":"https:\/\/www.tastymediterraneo.com\/fr\/wp-json\/wp\/v2\/pages\/3199\/revisions\/"}],"predecessor-version":[{"id":3767,"href":"https:\/\/www.tastymediterraneo.com\/fr\/wp-json\/wp\/v2\/pages\/3199\/revisions\/3767\/"}],"wp:attachment":[{"href":"https:\/\/www.tastymediterraneo.com\/fr\/wp-json\/wp\/v2\/media\/?parent=3199"}],"curies":[{"name":"wp","href":"https:\/\/api.w.org\/{rel}","templated":true}]}}