{"id":8709,"date":"2020-01-09T00:37:31","date_gmt":"2020-01-09T00:37:31","guid":{"rendered":"https:\/\/www.tastymediterraneo.com\/?page_id=8709"},"modified":"2020-06-07T23:05:17","modified_gmt":"2020-06-07T22:05:17","slug":"tasty-mediterraneos-podcast","status":"publish","type":"page","link":"https:\/\/www.tastymediterraneo.com\/es\/tasty-mediterraneos-podcast\/","title":{"rendered":""},"content":{"rendered":"<p style=\"text-align: left;\"><img loading=\"lazy\" decoding=\"async\" class=\"aligncenter size-full wp-image-8699\" src=\"https:\/\/www.tastymediterraneo.com\/wp-content\/uploads\/2019\/12\/Tasty-Mediterraneo-Podcast-cover.jpg\" alt=\"\" width=\"3000\" height=\"3000\" srcset=\"https:\/\/www.tastymediterraneo.com\/wp-content\/uploads\/2019\/12\/Tasty-Mediterraneo-Podcast-cover.jpg 3000w, https:\/\/www.tastymediterraneo.com\/wp-content\/uploads\/2019\/12\/Tasty-Mediterraneo-Podcast-cover-150x150.jpg 150w, https:\/\/www.tastymediterraneo.com\/wp-content\/uploads\/2019\/12\/Tasty-Mediterraneo-Podcast-cover-300x300.jpg 300w, https:\/\/www.tastymediterraneo.com\/wp-content\/uploads\/2019\/12\/Tasty-Mediterraneo-Podcast-cover-768x768.jpg 768w, https:\/\/www.tastymediterraneo.com\/wp-content\/uploads\/2019\/12\/Tasty-Mediterraneo-Podcast-cover-1024x1024.jpg 1024w, https:\/\/www.tastymediterraneo.com\/wp-content\/uploads\/2019\/12\/Tasty-Mediterraneo-Podcast-cover-600x600.jpg 600w, https:\/\/www.tastymediterraneo.com\/wp-content\/uploads\/2019\/12\/Tasty-Mediterraneo-Podcast-cover-320x321.jpg 320w\" sizes=\"(max-width: 3000px) 100vw, 3000px\" \/>Margarita Ribot, coach en Nutrici\u00f3n y Salud, y autora del galardonado blog \u201cTasty Mediterraneo\u201d os trae este podcast con la misi\u00f3n de simplificar los mensajes que existen en torno a la nutrici\u00f3n y la salud.<\/p>\n<p>El podcast de<em> Tasty Mediterraneo<\/em> le proporcionar\u00e1 consejos basados en evidencia cient\u00edfica que le ayudar\u00e1n a vivir mejor y a llevar un estilo de vida saludable.<\/p>\n<p>Margarita entrevista a expertos en el mundo de la nutrici\u00f3n y la salud, para que juntos podamos potenciar nuestra versi\u00f3n m\u00e1s feliz y saludable.<\/p>\n<p style=\"text-align: right;\"><iframe loading=\"lazy\" style=\"border: 1px solid #D7D7D7;\" src=\"https:\/\/www.ivoox.com\/player_es_podcast_831889_1.html\" width=\"100%\" height=\"400\" frameborder=\"0\" scrolling=\"no\" allowfullscreen=\"allowfullscreen\"><\/iframe><br \/>\n(Despl\u00e1cese hacia abajo para ver m\u00e1s episodios)<\/p>\n<p>Suscr\u00edbase al podcast:<br \/>\n<a href=\"https:\/\/open.spotify.com\/show\/07u5NPJ7fBi4pe60z1ns0D?si=IJWs0lolT8eVOQJl593hww\" target=\"_blank\" rel=\"noopener\">SPOTIFY<\/a> \u00a0 | \u00a0 <a href=\"https:\/\/www.ivoox.com\/s_p2_831889_1.html\" target=\"_blank\" rel=\"noopener\">ivoox<\/a>\u00a0\u00a0 |\u00a0\u00a0 <a href=\"https:\/\/podcasts.apple.com\/es\/podcast\/tasty-mediterraneo-podcast\/id1494097935\" target=\"_blank\" rel=\"noopener\">Apple Podcast<\/a><\/p>\n<p>Visite el blog: <a href=\"https:\/\/www.tastymediterraneo.com\/es\/\">https:\/\/www.tastymediterraneo.com\/es\/<\/a><br \/>\nSiga a Tasty Mediterraneo en:<br \/>\nInstagram: <a href=\"https:\/\/www.instagram.com\/tastymediterraneo\/\">https:\/\/www.instagram.com\/tastymediterraneo\/<\/a><br \/>\nFacebook: <a href=\"https:\/\/www.facebook.com\/TastyMediterraneo\">https:\/\/www.facebook.com\/TastyMediterraneo<\/a><br \/>\nTwitter: <a href=\"https:\/\/twitter.com\/TastyMditrraneo\">https:\/\/twitter.com\/TastyMditrraneo<\/a><br \/>\nPinterest: <a href=\"https:\/\/www.pinterest.com\/tastymditrraneo\/\">https:\/\/www.pinterest.com\/tastymditrraneo\/<\/a><\/p>\n","protected":false},"excerpt":{"rendered":"<p>Margarita Ribot, coach en Nutrici\u00f3n y Salud, y autora del galardonado blog \u201cTasty Mediterraneo\u201d os trae este podcast con la misi\u00f3n de simplificar los mensajes que existen en torno a la nutrici\u00f3n y la salud. El podcast de Tasty Mediterraneo le proporcionar\u00e1 consejos basados en evidencia cient\u00edfica que le ayudar\u00e1n a vivir mejor y a&#8230;<\/p>\n<p><a class=\"more-link\" href=\"https:\/\/www.tastymediterraneo.com\/es\/tasty-mediterraneos-podcast\/\">Leer m\u00e1s<\/a><\/p>\n","protected":false},"author":1,"featured_media":8711,"parent":0,"menu_order":0,"comment_status":"closed","ping_status":"closed","template":"","meta":{"footnotes":""},"_links":{"self":[{"href":"https:\/\/www.tastymediterraneo.com\/es\/wp-json\/wp\/v2\/pages\/8709\/"}],"collection":[{"href":"https:\/\/www.tastymediterraneo.com\/es\/wp-json\/wp\/v2\/pages\/"}],"about":[{"href":"https:\/\/www.tastymediterraneo.com\/es\/wp-json\/wp\/v2\/types\/page\/"}],"author":[{"embeddable":true,"href":"https:\/\/www.tastymediterraneo.com\/es\/wp-json\/wp\/v2\/users\/1\/"}],"replies":[{"embeddable":true,"href":"https:\/\/www.tastymediterraneo.com\/es\/wp-json\/wp\/v2\/comments\/?post=8709"}],"version-history":[{"count":5,"href":"https:\/\/www.tastymediterraneo.com\/es\/wp-json\/wp\/v2\/pages\/8709\/revisions\/"}],"predecessor-version":[{"id":9078,"href":"https:\/\/www.tastymediterraneo.com\/es\/wp-json\/wp\/v2\/pages\/8709\/revisions\/9078\/"}],"wp:featuredmedia":[{"embeddable":true,"href":"https:\/\/www.tastymediterraneo.com\/es\/wp-json\/wp\/v2\/media\/8711\/"}],"wp:attachment":[{"href":"https:\/\/www.tastymediterraneo.com\/es\/wp-json\/wp\/v2\/media\/?parent=8709"}],"curies":[{"name":"wp","href":"https:\/\/api.w.org\/{rel}","templated":true}]}}