{"id":524,"date":"2015-06-09T00:07:34","date_gmt":"2015-06-08T23:07:34","guid":{"rendered":"https:\/\/www.tastymediterraneo.com\/?page_id=524"},"modified":"2015-06-09T00:10:39","modified_gmt":"2015-06-08T23:10:39","slug":"se-ha-dado-de-baja","status":"publish","type":"page","link":"https:\/\/www.tastymediterraneo.com\/es\/se-ha-dado-de-baja\/","title":{"rendered":"Se ha dado de baja"},"content":{"rendered":"<p>Su direcci\u00f3n de correo electr\u00f3nico se ha eliminado correctamente de nuestra lista de difusi\u00f3n.<\/p>\n","protected":false},"excerpt":{"rendered":"<p>Su direcci\u00f3n de correo electr\u00f3nico se ha eliminado correctamente de nuestra lista de difusi\u00f3n.<\/p>\n","protected":false},"author":1,"featured_media":0,"parent":0,"menu_order":0,"comment_status":"open","ping_status":"open","template":"","meta":{"footnotes":""},"_links":{"self":[{"href":"https:\/\/www.tastymediterraneo.com\/es\/wp-json\/wp\/v2\/pages\/524\/"}],"collection":[{"href":"https:\/\/www.tastymediterraneo.com\/es\/wp-json\/wp\/v2\/pages\/"}],"about":[{"href":"https:\/\/www.tastymediterraneo.com\/es\/wp-json\/wp\/v2\/types\/page\/"}],"author":[{"embeddable":true,"href":"https:\/\/www.tastymediterraneo.com\/es\/wp-json\/wp\/v2\/users\/1\/"}],"replies":[{"embeddable":true,"href":"https:\/\/www.tastymediterraneo.com\/es\/wp-json\/wp\/v2\/comments\/?post=524"}],"version-history":[{"count":2,"href":"https:\/\/www.tastymediterraneo.com\/es\/wp-json\/wp\/v2\/pages\/524\/revisions\/"}],"predecessor-version":[{"id":530,"href":"https:\/\/www.tastymediterraneo.com\/es\/wp-json\/wp\/v2\/pages\/524\/revisions\/530\/"}],"wp:attachment":[{"href":"https:\/\/www.tastymediterraneo.com\/es\/wp-json\/wp\/v2\/media\/?parent=524"}],"curies":[{"name":"wp","href":"https:\/\/api.w.org\/{rel}","templated":true}]}}